{"id":2339,"date":"2021-02-18T11:14:54","date_gmt":"2021-02-18T11:14:54","guid":{"rendered":"https:\/\/www.gabarcelona.com\/publications\/"},"modified":"2024-01-16T14:39:55","modified_gmt":"2024-01-16T13:39:55","slug":"publikationen","status":"publish","type":"page","link":"https:\/\/www.gabarcelona.com\/de\/publikationen\/","title":{"rendered":"Publikationen"},"content":{"rendered":"<p><div class=\"fusion-fullwidth fullwidth-box fusion-builder-row-1 fusion-flex-container nonhundred-percent-fullwidth non-hundred-percent-height-scrolling\" style=\"--awb-border-radius-top-left:0px;--awb-border-radius-top-right:0px;--awb-border-radius-bottom-right:0px;--awb-border-radius-bottom-left:0px;--awb-margin-top:15px;--awb-flex-wrap:wrap;\" ><div class=\"fusion-builder-row fusion-row fusion-flex-align-items-flex-start fusion-flex-content-wrap\" style=\"max-width:1352px;margin-left: calc(-4% \/ 2 );margin-right: calc(-4% \/ 2 );\"><div class=\"fusion-layout-column fusion_builder_column fusion-builder-column-0 fusion_builder_column_1_2 1_2 fusion-flex-column\" style=\"--awb-bg-size:cover;--awb-width-large:50%;--awb-margin-top-large:0px;--awb-spacing-right-large:3.84%;--awb-margin-bottom-large:20px;--awb-spacing-left-large:3.84%;--awb-width-medium:50%;--awb-order-medium:0;--awb-spacing-right-medium:3.84%;--awb-spacing-left-medium:3.84%;--awb-width-small:100%;--awb-order-small:0;--awb-spacing-right-small:1.92%;--awb-spacing-left-small:1.92%;\"><div class=\"fusion-column-wrapper fusion-column-has-shadow fusion-flex-justify-content-flex-start fusion-content-layout-column\"><div class=\"fusion-title title fusion-title-1 fusion-sep-none fusion-title-text fusion-title-size-two\" style=\"--awb-margin-bottom:0px;--awb-font-size:23px;\"><h2 class=\"fusion-title-heading title-heading-left fusion-responsive-typography-calculated\" style=\"margin:0;font-size:1em;--fontSize:23;--minFontSize:23;line-height:1.26;\">Publikationen<\/h2><\/div><div class=\"fusion-title title fusion-title-2 fusion-sep-none fusion-title-text fusion-title-size-two\"><h2 class=\"fusion-title-heading title-heading-left fusion-responsive-typography-calculated\" style=\"margin:0;--fontSize:25;--minFontSize:25;line-height:1.3;\">Architectural Guide Collector&#8217;s Edition<\/h2><\/div><div class=\"fusion-text fusion-text-1\" style=\"--awb-text-transform:none;\"><p>Wir freuen uns, Ihnen mitteilen zu k\u00f6nnen, dass die Collector&#8217;s Edition der preisgekr\u00f6nten Architectural Guide Serie vom Berliner Fachverlag f\u00fcr Architektur DOM Publishers, die von Lorenzo K\u00e1r\u00e1sz und Prof. Hans Geilinger mitverfasst wurde, jetzt verf\u00fcgbar ist!<\/p>\n<p>Die Publikation stellt 200 Geb\u00e4ude aus 21 verschiedenen St\u00e4dten vor, die in den letzten Jahren herausragende Architektur produziert haben. Die Autoren sind Mitglieder des globalen Netzwerks Guiding Architects, das sich der Wissensvermittlung in den Bereichen Architektur, Freiraumgestaltung und Stadtentwicklung widmet. Jeder der Rezensenten aus Europa, dem Mittleren Osten und den USA pr\u00e4sentiert f\u00fcnf Highlights und f\u00fcnf Geheimtipps, darunter zeitgen\u00f6ssische Geb\u00e4ude und Landschaftsarchitekturprojekte.<\/p>\n<p>20 Hefte im Schuber<br \/>320 Seiten mit 600 Abbildungen<br \/>134 x 245 mm<br \/>ISBN 978-3-86922-266-0<\/p>\n<p>Collector&#8217;s Edition bei\u00a0<a title=\"DOM Publishers\" href=\"https:\/\/dom-publishers.com\" target=\"_blank\" rel=\"noopener\">DOM Publishers &#8211; Books Made by Architects<\/a> kaufen.<\/p>\n<\/div><\/div><\/div><div class=\"fusion-layout-column fusion_builder_column fusion-builder-column-1 fusion_builder_column_1_2 1_2 fusion-flex-column\" style=\"--awb-bg-size:cover;--awb-width-large:50%;--awb-margin-top-large:0px;--awb-spacing-right-large:3.84%;--awb-margin-bottom-large:20px;--awb-spacing-left-large:3.84%;--awb-width-medium:50%;--awb-order-medium:0;--awb-spacing-right-medium:3.84%;--awb-spacing-left-medium:3.84%;--awb-width-small:100%;--awb-order-small:0;--awb-spacing-right-small:1.92%;--awb-spacing-left-small:1.92%;\"><div class=\"fusion-column-wrapper fusion-column-has-shadow fusion-flex-justify-content-flex-start fusion-content-layout-column\"><div class=\"fusion-separator fusion-full-width-sep\" style=\"align-self: center;margin-left: auto;margin-right: auto;margin-bottom:40px;width:100%;\"><\/div><div class=\"fusion-image-element \" style=\"--awb-caption-title-font-family:var(--h2_typography-font-family);--awb-caption-title-font-weight:var(--h2_typography-font-weight);--awb-caption-title-font-style:var(--h2_typography-font-style);--awb-caption-title-size:var(--h2_typography-font-size);--awb-caption-title-transform:var(--h2_typography-text-transform);--awb-caption-title-line-height:var(--h2_typography-line-height);--awb-caption-title-letter-spacing:var(--h2_typography-letter-spacing);\"><span class=\" fusion-imageframe imageframe-none imageframe-1 hover-type-none\"><img decoding=\"async\" width=\"1000\" height=\"595\" title=\"publications\" src=\"https:\/\/www.gabarcelona.com\/wp-content\/uploads\/2021\/03\/publications.jpg\" alt class=\"img-responsive wp-image-1268\" srcset=\"https:\/\/www.gabarcelona.com\/wp-content\/uploads\/2021\/03\/publications-200x119.jpg 200w, https:\/\/www.gabarcelona.com\/wp-content\/uploads\/2021\/03\/publications-400x238.jpg 400w, https:\/\/www.gabarcelona.com\/wp-content\/uploads\/2021\/03\/publications-600x357.jpg 600w, https:\/\/www.gabarcelona.com\/wp-content\/uploads\/2021\/03\/publications-800x476.jpg 800w, https:\/\/www.gabarcelona.com\/wp-content\/uploads\/2021\/03\/publications.jpg 1000w\" sizes=\"(max-width: 640px) 100vw, 800px\" \/><\/span><\/div><div class=\"fusion-separator fusion-full-width-sep\" style=\"align-self: center;margin-left: auto;margin-right: auto;margin-bottom:15px;width:100%;\"><\/div><div class=\"fusion-image-element \" style=\"text-align:center;--awb-max-width:80%;--awb-caption-title-font-family:var(--h2_typography-font-family);--awb-caption-title-font-weight:var(--h2_typography-font-weight);--awb-caption-title-font-style:var(--h2_typography-font-style);--awb-caption-title-size:var(--h2_typography-font-size);--awb-caption-title-transform:var(--h2_typography-text-transform);--awb-caption-title-line-height:var(--h2_typography-line-height);--awb-caption-title-letter-spacing:var(--h2_typography-letter-spacing);\"><span class=\" fusion-imageframe imageframe-none imageframe-2 hover-type-none\"><img decoding=\"async\" width=\"1000\" height=\"500\" title=\"architectural-guide-dom-2\" src=\"https:\/\/www.gabarcelona.com\/wp-content\/uploads\/2021\/03\/architectural-guide-dom-2.jpg\" alt class=\"img-responsive wp-image-1273\" srcset=\"https:\/\/www.gabarcelona.com\/wp-content\/uploads\/2021\/03\/architectural-guide-dom-2-200x100.jpg 200w, https:\/\/www.gabarcelona.com\/wp-content\/uploads\/2021\/03\/architectural-guide-dom-2-400x200.jpg 400w, https:\/\/www.gabarcelona.com\/wp-content\/uploads\/2021\/03\/architectural-guide-dom-2-600x300.jpg 600w, https:\/\/www.gabarcelona.com\/wp-content\/uploads\/2021\/03\/architectural-guide-dom-2-800x400.jpg 800w, https:\/\/www.gabarcelona.com\/wp-content\/uploads\/2021\/03\/architectural-guide-dom-2.jpg 1000w\" sizes=\"(max-width: 640px) 100vw, 800px\" \/><\/span><\/div><\/div><\/div><\/div><\/div><div class=\"fusion-fullwidth fullwidth-box fusion-builder-row-2 fusion-flex-container nonhundred-percent-fullwidth non-hundred-percent-height-scrolling\" style=\"--awb-border-radius-top-left:0px;--awb-border-radius-top-right:0px;--awb-border-radius-bottom-right:0px;--awb-border-radius-bottom-left:0px;--awb-margin-top:50px;--awb-flex-wrap:wrap;\" ><div class=\"fusion-builder-row fusion-row fusion-flex-align-items-flex-start fusion-flex-content-wrap\" style=\"max-width:1352px;margin-left: calc(-4% \/ 2 );margin-right: calc(-4% \/ 2 );\"><div class=\"fusion-layout-column fusion_builder_column fusion-builder-column-2 fusion_builder_column_2_3 2_3 fusion-flex-column\" style=\"--awb-bg-size:cover;--awb-width-large:66.666666666667%;--awb-margin-top-large:0px;--awb-spacing-right-large:2.88%;--awb-margin-bottom-large:20px;--awb-spacing-left-large:2.88%;--awb-width-medium:66.666666666667%;--awb-order-medium:0;--awb-spacing-right-medium:2.88%;--awb-spacing-left-medium:2.88%;--awb-width-small:100%;--awb-order-small:0;--awb-spacing-right-small:1.92%;--awb-spacing-left-small:1.92%;\"><div class=\"fusion-column-wrapper fusion-column-has-shadow fusion-flex-justify-content-flex-start fusion-content-layout-column\"><div class=\"fusion-title title fusion-title-3 fusion-sep-none fusion-title-text fusion-title-size-two\"><h2 class=\"fusion-title-heading title-heading-left fusion-responsive-typography-calculated\" style=\"margin:0;--fontSize:25;--minFontSize:25;line-height:1.3;\">Zeitschriftenaufs\u00e4tze<\/h2><\/div><\/div><\/div><div class=\"fusion-layout-column fusion_builder_column fusion-builder-column-3 fusion_builder_column_1_3 1_3 fusion-flex-column\" style=\"--awb-bg-size:cover;--awb-width-large:33.333333333333%;--awb-margin-top-large:0px;--awb-spacing-right-large:5.76%;--awb-margin-bottom-large:20px;--awb-spacing-left-large:5.76%;--awb-width-medium:33.333333333333%;--awb-order-medium:0;--awb-spacing-right-medium:5.76%;--awb-spacing-left-medium:5.76%;--awb-width-small:100%;--awb-order-small:0;--awb-spacing-right-small:1.92%;--awb-spacing-left-small:1.92%;\"><div class=\"fusion-column-wrapper fusion-column-has-shadow fusion-flex-justify-content-flex-start fusion-content-layout-column\"><\/div><\/div><\/div><\/div><div class=\"fusion-fullwidth fullwidth-box fusion-builder-row-3 fusion-flex-container nonhundred-percent-fullwidth non-hundred-percent-height-scrolling\" style=\"--awb-border-radius-top-left:0px;--awb-border-radius-top-right:0px;--awb-border-radius-bottom-right:0px;--awb-border-radius-bottom-left:0px;--awb-flex-wrap:wrap;\" ><div class=\"fusion-builder-row fusion-row fusion-flex-align-items-flex-start fusion-flex-content-wrap\" style=\"max-width:1352px;margin-left: calc(-4% \/ 2 );margin-right: calc(-4% \/ 2 );\"><div class=\"fusion-layout-column fusion_builder_column fusion-builder-column-4 fusion_builder_column_1_3 1_3 fusion-flex-column\" style=\"--awb-bg-size:cover;--awb-width-large:33.333333333333%;--awb-margin-top-large:0px;--awb-spacing-right-large:5.76%;--awb-margin-bottom-large:20px;--awb-spacing-left-large:5.76%;--awb-width-medium:33.333333333333%;--awb-order-medium:0;--awb-spacing-right-medium:5.76%;--awb-spacing-left-medium:5.76%;--awb-width-small:100%;--awb-order-small:0;--awb-spacing-right-small:1.92%;--awb-spacing-left-small:1.92%;\"><div class=\"fusion-column-wrapper fusion-column-has-shadow fusion-flex-justify-content-flex-start fusion-content-layout-column\"><div class=\"fusion-text fusion-text-2\" style=\"--awb-text-transform:none;\"><p style=\"text-align: center;\">GEILINGER, Hans; K\u00c1R\u00c1SZ, Lorenzo: <a title=\"Artikel als PDF herunterladen\" href=\"https:\/\/www.gabarcelona.com\/wp-content\/uploads\/2024\/01\/ZB-Magazin_3_22_WEB_Seite-44-45pdf.pdf\" rel=\"noopener\" target=\"_blank\">Vom Superblock zu noch mehr Gr\u00fcn.<\/a> In: <a title=\"Zeitschrift als PDF herunterladen\" href=\"https:\/\/www.zement.at\/downloads\/downloads_2022\/ZB-Magazin_3_22_WEB.pdf\" rel=\"noopener\" target=\"_blank\">Zement+Beton 3_22<\/a> (2022), S. 44-45.<\/p>\n<\/div><\/div><\/div><div class=\"fusion-layout-column fusion_builder_column fusion-builder-column-5 fusion_builder_column_1_3 1_3 fusion-flex-column\" style=\"--awb-bg-size:cover;--awb-width-large:33.333333333333%;--awb-margin-top-large:0px;--awb-spacing-right-large:5.76%;--awb-margin-bottom-large:20px;--awb-spacing-left-large:5.76%;--awb-width-medium:33.333333333333%;--awb-order-medium:0;--awb-spacing-right-medium:5.76%;--awb-spacing-left-medium:5.76%;--awb-width-small:100%;--awb-order-small:0;--awb-spacing-right-small:1.92%;--awb-spacing-left-small:1.92%;\"><div class=\"fusion-column-wrapper fusion-column-has-shadow fusion-flex-justify-content-flex-start fusion-content-layout-column\"><div class=\"fusion-text fusion-text-3\" style=\"--awb-text-transform:none;\"><p style=\"text-align: center;\">GEILINGER, Hans:\u00a0<a title=\"Auf digitalisierten Artikel zugreifen\" href=\"https:\/\/www.e-periodica.ch\/digbib\/view?pid=wbw-004%3A2000%3A87%3A%3A780&#038;referrer=search#780\" target=\"_blank\" rel=\"noopener\">Geschichte, Anlage und Typologie des heutigen \u00abCementiri del Sud-Oeste\u00bb in Barcelona. Barcelonas Nekropolis \u00abMontju\u00efc\u00bb.<\/a>\u00a0In: werk, bauen + wohnen 87 (2000) Nr. 10, S. 24-29.<\/p>\n<\/div><\/div><\/div><div class=\"fusion-layout-column fusion_builder_column fusion-builder-column-6 fusion_builder_column_1_3 1_3 fusion-flex-column\" style=\"--awb-bg-size:cover;--awb-width-large:33.333333333333%;--awb-margin-top-large:0px;--awb-spacing-right-large:5.76%;--awb-margin-bottom-large:20px;--awb-spacing-left-large:5.76%;--awb-width-medium:33.333333333333%;--awb-order-medium:0;--awb-spacing-right-medium:5.76%;--awb-spacing-left-medium:5.76%;--awb-width-small:100%;--awb-order-small:0;--awb-spacing-right-small:1.92%;--awb-spacing-left-small:1.92%;\"><div class=\"fusion-column-wrapper fusion-column-has-shadow fusion-flex-justify-content-flex-start fusion-content-layout-column\"><div class=\"fusion-text fusion-text-4\" style=\"--awb-text-transform:none;\"><p style=\"text-align: center;\">GEILINGER, Hans:\u00a0<a title=\"Auf digitalisierten Artikel zugreifen\" href=\"https:\/\/www.e-periodica.ch\/digbib\/view?pid=wbw-004%3A2002%3A89%3A%3A340&#038;referrer=search#340\" target=\"_blank\" rel=\"noopener\">Barcelonas neuer Zugang zum Meer. Die Entwicklung der Beziehung zwischen Stadt, Hafen und Wasser.<\/a>\u00a0In: werk, bauen + wohnen 89 (2002) Nr. 5, S. 24-29.<\/p>\n<\/div><\/div><\/div><div class=\"fusion-layout-column fusion_builder_column fusion-builder-column-7 fusion_builder_column_1_3 1_3 fusion-flex-column\" style=\"--awb-bg-size:cover;--awb-width-large:33.333333333333%;--awb-margin-top-large:0px;--awb-spacing-right-large:5.76%;--awb-margin-bottom-large:20px;--awb-spacing-left-large:5.76%;--awb-width-medium:33.333333333333%;--awb-order-medium:0;--awb-spacing-right-medium:5.76%;--awb-spacing-left-medium:5.76%;--awb-width-small:100%;--awb-order-small:0;--awb-spacing-right-small:1.92%;--awb-spacing-left-small:1.92%;\"><div class=\"fusion-column-wrapper fusion-column-has-shadow fusion-flex-justify-content-flex-start fusion-content-layout-column\"><div class=\"fusion-text fusion-text-5\" style=\"--awb-text-transform:none;\"><p style=\"text-align: center;\">GEILINGER, Hans:\u00a0<a title=\"Auf digitalisierten Artikel zugreifen\" href=\"https:\/\/www.e-periodica.ch\/digbib\/view?pid=wbw-004%3A2002%3A89%3A%3A760&#038;referrer=search#760\" target=\"_blank\" rel=\"noopener\">Befreiungsversuche in Barcelonas Altstadt. Eine Stadt erneuert sich nach innen \u2013 zwei Projekte von Josep Llin\u00e0s.<\/a>\u00a0In: werk, bauen + wohnen 89 (2002) Nr. 10, S. 32-37.<\/p>\n<\/div><\/div><\/div><div class=\"fusion-layout-column fusion_builder_column fusion-builder-column-8 fusion_builder_column_1_3 1_3 fusion-flex-column\" style=\"--awb-bg-size:cover;--awb-width-large:33.333333333333%;--awb-margin-top-large:0px;--awb-spacing-right-large:5.76%;--awb-margin-bottom-large:20px;--awb-spacing-left-large:5.76%;--awb-width-medium:33.333333333333%;--awb-order-medium:0;--awb-spacing-right-medium:5.76%;--awb-spacing-left-medium:5.76%;--awb-width-small:100%;--awb-order-small:0;--awb-spacing-right-small:1.92%;--awb-spacing-left-small:1.92%;\"><div class=\"fusion-column-wrapper fusion-column-has-shadow fusion-flex-justify-content-flex-start fusion-content-layout-column\"><div class=\"fusion-text fusion-text-6\" style=\"--awb-text-transform:none;\"><p style=\"text-align: center;\">GEILINGER, Hans; MEYER, Marc:\u00a0<a title=\"Auf digitalisierten Artikel zugreifen\" href=\"https:\/\/www.e-periodica.ch\/digbib\/view?pid=wbw-004%3A2004%3A91%3A%3A853&#038;referrer=search#853\" target=\"_blank\" rel=\"noopener\">Stadtentwicklung, Event und Bauten. F\u00f3rum Barcelona 2004.<\/a>\u00a0 In: werk, bauen + wohnen 91 (2004) Nr. 11, S. 24-31.<\/p>\n<\/div><\/div><\/div><div class=\"fusion-layout-column fusion_builder_column fusion-builder-column-9 fusion_builder_column_1_3 1_3 fusion-flex-column\" style=\"--awb-bg-size:cover;--awb-width-large:33.333333333333%;--awb-margin-top-large:0px;--awb-spacing-right-large:5.76%;--awb-margin-bottom-large:20px;--awb-spacing-left-large:5.76%;--awb-width-medium:33.333333333333%;--awb-order-medium:0;--awb-spacing-right-medium:5.76%;--awb-spacing-left-medium:5.76%;--awb-width-small:100%;--awb-order-small:0;--awb-spacing-right-small:1.92%;--awb-spacing-left-small:1.92%;\"><div class=\"fusion-column-wrapper fusion-column-has-shadow fusion-flex-justify-content-flex-start fusion-content-layout-column\"><div class=\"fusion-text fusion-text-7\" style=\"--awb-text-transform:none;\"><p style=\"text-align: center;\">GEILINGER, Hans; MEYER, Marc: <a title=\"Artikel als PDF herunterladen\" href=\"https:\/\/www.gabarcelona.com\/wp-content\/uploads\/2024\/01\/Die-Oberflaeche-Marc-Meyer-Hans-Geilinger.pdf\" target=\"_blank\" rel=\"noopener\">Die Oberfl\u00e4che<\/a> (2007).<\/p>\n<\/div><\/div><\/div><\/div><\/div><div class=\"fusion-fullwidth fullwidth-box fusion-builder-row-4 fusion-flex-container nonhundred-percent-fullwidth non-hundred-percent-height-scrolling\" style=\"--awb-border-radius-top-left:0px;--awb-border-radius-top-right:0px;--awb-border-radius-bottom-right:0px;--awb-border-radius-bottom-left:0px;--awb-flex-wrap:wrap;\" ><div class=\"fusion-builder-row fusion-row fusion-flex-align-items-flex-start fusion-flex-content-wrap\" style=\"max-width:1352px;margin-left: calc(-4% \/ 2 );margin-right: calc(-4% \/ 2 );\"><div class=\"fusion-layout-column fusion_builder_column fusion-builder-column-10 fusion_builder_column_2_3 2_3 fusion-flex-column\" style=\"--awb-bg-size:cover;--awb-width-large:66.666666666667%;--awb-margin-top-large:0px;--awb-spacing-right-large:2.88%;--awb-margin-bottom-large:20px;--awb-spacing-left-large:2.88%;--awb-width-medium:66.666666666667%;--awb-order-medium:0;--awb-spacing-right-medium:2.88%;--awb-spacing-left-medium:2.88%;--awb-width-small:100%;--awb-order-small:0;--awb-spacing-right-small:1.92%;--awb-spacing-left-small:1.92%;\"><div class=\"fusion-column-wrapper fusion-column-has-shadow fusion-flex-justify-content-flex-start fusion-content-layout-column\"><div class=\"fusion-title title fusion-title-4 fusion-sep-none fusion-title-text fusion-title-size-two\"><h2 class=\"fusion-title-heading title-heading-left fusion-responsive-typography-calculated\" style=\"margin:0;--fontSize:25;--minFontSize:25;line-height:1.3;\">Guiding Architects Blog<\/h2><\/div><div class=\"fusion-text fusion-text-8\"><p>Gemeinsam mit unseren Partnern ver\u00f6ffentlichen wir regelm\u00e4\u00dfig Online-Artikel im\u00a0<a title=\"Guiding Architects News\" href=\"https:\/\/www.guiding-architects.net\/de\/nachrichten\/\" target=\"_blank\" rel=\"noopener\">NEWS-Bereich<\/a>\u00a0des Guiding Architects Netzwerks und halten Sie so \u00fcber die neuesten Nachrichten zum Thema Architektur und St\u00e4dtebau in mehr als 40 St\u00e4dten weltweit auf dem Laufenden. Wir laden Sie herzlich ein, einen Blick darauf zu werfen!<\/p>\n<\/div><\/div><\/div><div class=\"fusion-layout-column fusion_builder_column fusion-builder-column-11 fusion_builder_column_1_3 1_3 fusion-flex-column\" style=\"--awb-bg-size:cover;--awb-width-large:33.333333333333%;--awb-margin-top-large:0px;--awb-spacing-right-large:5.76%;--awb-margin-bottom-large:20px;--awb-spacing-left-large:5.76%;--awb-width-medium:33.333333333333%;--awb-order-medium:0;--awb-spacing-right-medium:5.76%;--awb-spacing-left-medium:5.76%;--awb-width-small:100%;--awb-order-small:0;--awb-spacing-right-small:1.92%;--awb-spacing-left-small:1.92%;\"><div class=\"fusion-column-wrapper fusion-column-has-shadow fusion-flex-justify-content-flex-start fusion-content-layout-column\"><\/div><\/div><\/div><\/div><\/p>\n","protected":false},"excerpt":{"rendered":"","protected":false},"author":1,"featured_media":1268,"parent":0,"menu_order":0,"comment_status":"closed","ping_status":"closed","template":"","meta":{"_acf_changed":false,"footnotes":""},"class_list":["post-2339","page","type-page","status-publish","has-post-thumbnail","hentry"],"acf":[],"yoast_head":"<!-- This site is optimized with the Yoast SEO plugin v27.2 - https:\/\/yoast.com\/product\/yoast-seo-wordpress\/ -->\n<title>Publikationen | Guiding Architects Barcelona<\/title>\n<meta name=\"robots\" content=\"index, follow, max-snippet:-1, max-image-preview:large, max-video-preview:-1\" \/>\n<link rel=\"canonical\" href=\"https:\/\/www.gabarcelona.com\/de\/publikationen\/\" \/>\n<meta property=\"og:locale\" content=\"de_DE\" \/>\n<meta property=\"og:type\" content=\"article\" \/>\n<meta property=\"og:title\" content=\"Publikationen | Guiding Architects Barcelona\" \/>\n<meta property=\"og:url\" content=\"https:\/\/www.gabarcelona.com\/de\/publikationen\/\" \/>\n<meta property=\"og:site_name\" content=\"Guiding Architects Barcelona\" \/>\n<meta property=\"article:modified_time\" content=\"2024-01-16T13:39:55+00:00\" \/>\n<meta property=\"og:image\" content=\"https:\/\/www.gabarcelona.com\/wp-content\/uploads\/2021\/03\/publications.jpg\" \/>\n\t<meta property=\"og:image:width\" content=\"1000\" \/>\n\t<meta property=\"og:image:height\" content=\"595\" \/>\n\t<meta property=\"og:image:type\" content=\"image\/jpeg\" \/>\n<meta name=\"twitter:card\" content=\"summary_large_image\" \/>\n<meta name=\"twitter:label1\" content=\"Gesch\u00e4tzte Lesezeit\" \/>\n\t<meta name=\"twitter:data1\" content=\"10\u00a0Minuten\" \/>\n<script type=\"application\/ld+json\" class=\"yoast-schema-graph\">{\"@context\":\"https:\/\/schema.org\",\"@graph\":[{\"@type\":\"WebPage\",\"@id\":\"https:\/\/www.gabarcelona.com\/de\/publikationen\/\",\"url\":\"https:\/\/www.gabarcelona.com\/de\/publikationen\/\",\"name\":\"Publikationen | Guiding Architects Barcelona\",\"isPartOf\":{\"@id\":\"https:\/\/www.gabarcelona.com\/#website\"},\"primaryImageOfPage\":{\"@id\":\"https:\/\/www.gabarcelona.com\/de\/publikationen\/#primaryimage\"},\"image\":{\"@id\":\"https:\/\/www.gabarcelona.com\/de\/publikationen\/#primaryimage\"},\"thumbnailUrl\":\"https:\/\/www.gabarcelona.com\/wp-content\/uploads\/2021\/03\/publications.jpg\",\"datePublished\":\"2021-02-18T11:14:54+00:00\",\"dateModified\":\"2024-01-16T13:39:55+00:00\",\"breadcrumb\":{\"@id\":\"https:\/\/www.gabarcelona.com\/de\/publikationen\/#breadcrumb\"},\"inLanguage\":\"de\",\"potentialAction\":[{\"@type\":\"ReadAction\",\"target\":[\"https:\/\/www.gabarcelona.com\/de\/publikationen\/\"]}]},{\"@type\":\"ImageObject\",\"inLanguage\":\"de\",\"@id\":\"https:\/\/www.gabarcelona.com\/de\/publikationen\/#primaryimage\",\"url\":\"https:\/\/www.gabarcelona.com\/wp-content\/uploads\/2021\/03\/publications.jpg\",\"contentUrl\":\"https:\/\/www.gabarcelona.com\/wp-content\/uploads\/2021\/03\/publications.jpg\",\"width\":1000,\"height\":595},{\"@type\":\"BreadcrumbList\",\"@id\":\"https:\/\/www.gabarcelona.com\/de\/publikationen\/#breadcrumb\",\"itemListElement\":[{\"@type\":\"ListItem\",\"position\":1,\"name\":\"Home\",\"item\":\"https:\/\/www.gabarcelona.com\/de\/\"},{\"@type\":\"ListItem\",\"position\":2,\"name\":\"Publikationen\"}]},{\"@type\":\"WebSite\",\"@id\":\"https:\/\/www.gabarcelona.com\/#website\",\"url\":\"https:\/\/www.gabarcelona.com\/\",\"name\":\"Guiding Architects Barcelona\",\"description\":\"\",\"potentialAction\":[{\"@type\":\"SearchAction\",\"target\":{\"@type\":\"EntryPoint\",\"urlTemplate\":\"https:\/\/www.gabarcelona.com\/?s={search_term_string}\"},\"query-input\":{\"@type\":\"PropertyValueSpecification\",\"valueRequired\":true,\"valueName\":\"search_term_string\"}}],\"inLanguage\":\"de\"}]}<\/script>\n<!-- \/ Yoast SEO plugin. -->","yoast_head_json":{"title":"Publikationen | Guiding Architects Barcelona","robots":{"index":"index","follow":"follow","max-snippet":"max-snippet:-1","max-image-preview":"max-image-preview:large","max-video-preview":"max-video-preview:-1"},"canonical":"https:\/\/www.gabarcelona.com\/de\/publikationen\/","og_locale":"de_DE","og_type":"article","og_title":"Publikationen | Guiding Architects Barcelona","og_url":"https:\/\/www.gabarcelona.com\/de\/publikationen\/","og_site_name":"Guiding Architects Barcelona","article_modified_time":"2024-01-16T13:39:55+00:00","og_image":[{"width":1000,"height":595,"url":"https:\/\/www.gabarcelona.com\/wp-content\/uploads\/2021\/03\/publications.jpg","type":"image\/jpeg"}],"twitter_card":"summary_large_image","twitter_misc":{"Gesch\u00e4tzte Lesezeit":"10\u00a0Minuten"},"schema":{"@context":"https:\/\/schema.org","@graph":[{"@type":"WebPage","@id":"https:\/\/www.gabarcelona.com\/de\/publikationen\/","url":"https:\/\/www.gabarcelona.com\/de\/publikationen\/","name":"Publikationen | Guiding Architects Barcelona","isPartOf":{"@id":"https:\/\/www.gabarcelona.com\/#website"},"primaryImageOfPage":{"@id":"https:\/\/www.gabarcelona.com\/de\/publikationen\/#primaryimage"},"image":{"@id":"https:\/\/www.gabarcelona.com\/de\/publikationen\/#primaryimage"},"thumbnailUrl":"https:\/\/www.gabarcelona.com\/wp-content\/uploads\/2021\/03\/publications.jpg","datePublished":"2021-02-18T11:14:54+00:00","dateModified":"2024-01-16T13:39:55+00:00","breadcrumb":{"@id":"https:\/\/www.gabarcelona.com\/de\/publikationen\/#breadcrumb"},"inLanguage":"de","potentialAction":[{"@type":"ReadAction","target":["https:\/\/www.gabarcelona.com\/de\/publikationen\/"]}]},{"@type":"ImageObject","inLanguage":"de","@id":"https:\/\/www.gabarcelona.com\/de\/publikationen\/#primaryimage","url":"https:\/\/www.gabarcelona.com\/wp-content\/uploads\/2021\/03\/publications.jpg","contentUrl":"https:\/\/www.gabarcelona.com\/wp-content\/uploads\/2021\/03\/publications.jpg","width":1000,"height":595},{"@type":"BreadcrumbList","@id":"https:\/\/www.gabarcelona.com\/de\/publikationen\/#breadcrumb","itemListElement":[{"@type":"ListItem","position":1,"name":"Home","item":"https:\/\/www.gabarcelona.com\/de\/"},{"@type":"ListItem","position":2,"name":"Publikationen"}]},{"@type":"WebSite","@id":"https:\/\/www.gabarcelona.com\/#website","url":"https:\/\/www.gabarcelona.com\/","name":"Guiding Architects Barcelona","description":"","potentialAction":[{"@type":"SearchAction","target":{"@type":"EntryPoint","urlTemplate":"https:\/\/www.gabarcelona.com\/?s={search_term_string}"},"query-input":{"@type":"PropertyValueSpecification","valueRequired":true,"valueName":"search_term_string"}}],"inLanguage":"de"}]}},"_links":{"self":[{"href":"https:\/\/www.gabarcelona.com\/de\/wp-json\/wp\/v2\/pages\/2339","targetHints":{"allow":["GET"]}}],"collection":[{"href":"https:\/\/www.gabarcelona.com\/de\/wp-json\/wp\/v2\/pages"}],"about":[{"href":"https:\/\/www.gabarcelona.com\/de\/wp-json\/wp\/v2\/types\/page"}],"author":[{"embeddable":true,"href":"https:\/\/www.gabarcelona.com\/de\/wp-json\/wp\/v2\/users\/1"}],"replies":[{"embeddable":true,"href":"https:\/\/www.gabarcelona.com\/de\/wp-json\/wp\/v2\/comments?post=2339"}],"version-history":[{"count":0,"href":"https:\/\/www.gabarcelona.com\/de\/wp-json\/wp\/v2\/pages\/2339\/revisions"}],"wp:featuredmedia":[{"embeddable":true,"href":"https:\/\/www.gabarcelona.com\/de\/wp-json\/wp\/v2\/media\/1268"}],"wp:attachment":[{"href":"https:\/\/www.gabarcelona.com\/de\/wp-json\/wp\/v2\/media?parent=2339"}],"curies":[{"name":"wp","href":"https:\/\/api.w.org\/{rel}","templated":true}]}}