{"id":2375,"date":"2021-01-13T22:39:51","date_gmt":"2021-01-13T22:39:51","guid":{"rendered":"https:\/\/www.gabarcelona.com\/imprint-data-protection\/"},"modified":"2021-11-24T14:54:24","modified_gmt":"2021-11-24T14:54:24","slug":"impressum-und-datenschutz","status":"publish","type":"page","link":"https:\/\/www.gabarcelona.com\/de\/impressum-und-datenschutz\/","title":{"rendered":"Impressum &#038; Datenschutz"},"content":{"rendered":"<div class=\"fusion-fullwidth fullwidth-box fusion-builder-row-1 fusion-flex-container nonhundred-percent-fullwidth non-hundred-percent-height-scrolling\" style=\"--awb-border-radius-top-left:0px;--awb-border-radius-top-right:0px;--awb-border-radius-bottom-right:0px;--awb-border-radius-bottom-left:0px;--awb-margin-top:60px;--awb-flex-wrap:wrap;\" ><div class=\"fusion-builder-row fusion-row fusion-flex-align-items-flex-start fusion-flex-content-wrap\" style=\"max-width:1352px;margin-left: calc(-4% \/ 2 );margin-right: calc(-4% \/ 2 );\"><div class=\"fusion-layout-column fusion_builder_column fusion-builder-column-0 fusion_builder_column_1_1 1_1 fusion-flex-column\" style=\"--awb-bg-size:cover;--awb-width-large:100%;--awb-margin-top-large:0px;--awb-spacing-right-large:1.92%;--awb-margin-bottom-large:0px;--awb-spacing-left-large:1.92%;--awb-width-medium:100%;--awb-spacing-right-medium:1.92%;--awb-spacing-left-medium:1.92%;--awb-width-small:100%;--awb-spacing-right-small:1.92%;--awb-spacing-left-small:1.92%;\"><div class=\"fusion-column-wrapper fusion-flex-justify-content-flex-start fusion-content-layout-column\"><div class=\"fusion-text fusion-text-1\"><h2>IMPRESSUM<\/h2>\n<p><strong>GA Barcelona<\/strong>\u00a0ist ein Angebot der spanischen GmbH<\/p>\n<p>Arquitectura Urbana Barcelona S.L.<br \/>\nC\/Bailen, 232 bis 1D<br \/>\n08037 Barcelona<br \/>\nSpanien<br \/>\nTelefon: +34 654 016 445<br \/>\nEmail:\u00a0<a class=\"email\" href=\"mailto:barcelona@guiding-architects.net\">barcelona@guiding-architects.net<\/a><\/p>\n<h3>Vertretungsberechtigter Gesch\u00e4ftsf\u00fchrer<\/h3>\n<p>Lorenzo K\u00e1r\u00e1sz<\/p>\n<p><strong>Umsatzsteuer-Identifikationsnummer<\/strong><br \/>\nES-B65599177<\/p>\n<h3>Urheberrechte<\/h3>\n<p>Die Urheber- und alle anderen Rechte an Inhalten, Bildern, Fotos oder anderweitigen Dateien auf der Website geh\u00f6ren ausschliesslich der spanischen GmbH Arquitectura Urbana S.L. oder den speziell genannten Rechtsinhabern. F\u00fcr die Reproduktion jeglicher Elemente ist die schriftliche Zustimmung der Urheberrechtstr\u00e4ger im Voraus einzuholen.<\/p>\n<h3>Fotos<\/h3>\n<p>Sofern nicht anders angegeben, GA Barcelona<\/p>\n<h3>Redaktionelle Inhalte<\/h3>\n<p>Lorenzo K\u00e1r\u00e1sz<\/p>\n<h3>Haftungsausschluss<\/h3>\n<p>Die Inhalte dieser Seiten wurden mit gr\u00f6\u00dfter Sorgfalt erstellt. F\u00fcr die Richtigkeit, Vollst\u00e4ndigkeit und Aktualit\u00e4t der von uns bereitgestellten Informationen \u00fcbernehmen wir dennoch keinerlei Gew\u00e4hr. F\u00fcr die Inhalte verlinkter Webseiten wird nicht gehaftet.<\/p>\n<\/div><div class=\"fusion-separator fusion-full-width-sep\" style=\"align-self: center;margin-left: auto;margin-right: auto;margin-top:20px;margin-bottom:20px;width:100%;\"><\/div><div class=\"fusion-text fusion-text-2\"><h2>DATENSCHUTZERKL\u00c4RUNG<\/h2>\n<p><strong>Verantwortliche Stelle im Sinne der Datenschutzgesetze<\/strong>, insbesondere der EU-DSGVO, ist: Lorenzo K\u00e1r\u00e1sz, C\/Bailen, 232 bis 1D, 08037 Barcelona, Spanien, Telefon: +34 654 016 445, Email:\u00a0<a class=\"email\" href=\"mailto:barcelona@guiding-architects.net\">barcelona@guiding-architects.net<\/a><\/p>\n<h3>Allgemeines<\/h3>\n<p>Personenbezogene Daten werden auf unserer Webseite nur im technisch notwendigen Umfang erhoben. Pers\u00f6nliche Daten wie Ihr Name, Ihre Anschrift, Ihre Telefonnummer oder Ihre Email-Adresse werden nicht erfasst, es sei denn, diese Angaben werden im Zuge einer Kontaktaufnahme freiwillig von Ihnen gemacht. Wir weisen darauf hin, dass die Daten\u00fcbertragung im Internet (z.B. bei der Kommunikation per E-Mail) Sicherheitsl\u00fccken aufweisen kann. Ein hundertprozentiger Schutz der Daten vor dem Zugriff durch Dritte ist nicht m\u00f6glich. Diese Datenschutzerkl\u00e4rung gilt ausschlie\u00dflich f\u00fcr die Inhalte unserer Webseite www.ga-barcelona.es. Sie gilt nicht f\u00fcr externe Webseiten, die auf unserer Webseite verlinkt sind.<\/p>\n<h3>Erhebung von Zugriffsdaten und Logfiles<\/h3>\n<p>Beim Besuch unserer Webseite werden von Ihrem Internetbrowser automatisch Protokoll-Informationen an den Server unseres Webhosters \u00fcbermittelt und dort als sogenannte Logfiles hinterlegt. Erfasst werden das von Ihrem Rechner verwendete Betriebssystem, Typ und Version Ihres Internetbrowsers, die von Ihnen zuvor besuchte Seite (Referrer URL), Ihre IP-Adresse sowie Datum und Uhrzeit der Serveranfrage. Bitte nehmen Sie zur Kenntnis, da\u00df es weder in unserem Interesse noch in unserer M\u00f6glichkeit liegt, auf Grundlage der Protokolldaten R\u00fcckschl\u00fcsse auf Sie als nat\u00fcrliche Person zu ziehen. Die Daten werden von uns weder an Dritte weitergegeben noch mit Daten aus anderen Quellen verkn\u00fcpft und werden in regelm\u00e4ssigen Abst\u00e4nden vom Server gel\u00f6scht.<\/p>\n<h3>Cookies<\/h3>\n<p>Unsere Webseite verwendet sogenannte Cookies. Dabei handelt es sich um kleine Textdateien, die mit dem Besuch der Seite auf Ihrem Rechner abgelegt und von Ihrem Internetbrowser gespeichert werden. Cookies richten auf Ihrem Rechner keinen Schaden an und enthalten keine Viren. Ob Cookies gesammelt werden k\u00f6nnen, bestimmen Sie selbst. Wenn Sie das Speichern von Cookies auf Ihrer Festplatte verhindern m\u00f6chten, k\u00f6nnen Sie Ihre Browser-Einstellungen entsprechend konfigurieren. N\u00e4here Informationen hierzu finden Sie in der Benutzerhilfe Ihres Internetbrowsers.<\/p>\n<h3>Kontaktaufnahme<\/h3>\n<p>Treten Sie per E-Mail mit uns in Kontakt, werden die von Ihnen gemachten Angaben zum Zwecke der Bearbeitung der Anfrage sowie f\u00fcr m\u00f6gliche Anschlussfragen gespeichert. Nach Erledigung der von Ihnen gestellten Anfrage werden personenbezogene Daten automatisch gel\u00f6scht.<\/p>\n<h3>Google Analytics mit IP-Anonymisierung<\/h3>\n<p>Unsere Webseite benutzt au\u00dferdem das externe Statistikprogramm Google Analytics, einen Webanalysedienst der Google Inc., 1600 Amphitheatre Parkway, Mountain View, CA 94043, USA (Google), der es uns erlaubt, detalliertere Informationen \u00fcber die Nutzung unserer Webseite einzuholen. Auf Grundlage der Ergebnisse k\u00f6nnen wir unseren Internetauftritt verbessern. Auch hier gilt: Die von Google Analytics erfassten Daten erlauben es uns nicht, R\u00fcckschl\u00fcsse auf Sie als nat\u00fcrliche Person zu ziehen. Google Analytics verwendet Cookies und ist in der Lage, Ihr Surfverhalten auf unserer Webseite zu dokumentieren. Die diesbez\u00fcglichen Informationen werden in der Regel an einen Server der Google Inc. in den USA \u00fcbertragen und dort gespeichert.<\/p>\n<p>Google ist unter dem <a title=\"Privacy Shield Zertifizierung Google\" href=\"https:\/\/www.privacyshield.gov\/participant?id=a2zt000000001L5AAI\" target=\"_blank\" rel=\"nofollow noopener\">&#8222;Privacy Shield-Abkommen&#8220;<\/a> zertifiziert und bietet hierdurch eine Garantie, das europ\u00e4ische Datenschutzrecht einzuhalten.<\/p>\n<p>Wir weisen Sie darauf hin, dass unsere Website Google Analytics mit der Erweiterung &#8222;_anonymizeIp()&#8220; Verwendet: Um einen direkten Personenbezug auszuschlie\u00dfen, werden IP-Adressen von Google in Mitgliedstaaten innerhalb der Europ\u00e4ischen Union oder in anderen Vertragsstaaten des Abkommens \u00fcber den Europ\u00e4ischen Wirtschaftsraum vor der \u00dcbertragung gek\u00fcrzt. Nur in Ausnahmef\u00e4llen wird die volle IP-Adresse an einen Server von Google in den USA \u00fcbertragen und erst dort gek\u00fcrzt. Die \u00fcber Ihren Browser \u00fcbertragene IP-Adresse wird nicht mit anderen Daten von Google in Verbindung gebracht.<\/p>\n<p>In unserem Auftrag wird Google die Nutzung unserer Webseite durch Sie und andere Besucher auswerten, um Berichte \u00fcber die Aktivit\u00e4t auf unserer Webseite zusammenzustellen und uns weitere mit der Nutzung des Internets und unserer Webseite verbundene Dienstleistungen anzubieten. Die personenbezogenen Daten der Nutzer werden nach 14 Monaten gel\u00f6scht oder anonymisiert.<\/p>\n<p>Sie k\u00f6nnen die Speicherung der Cookies durch eine entsprechende Einstellung Ihrer Browser-Software verhindern; m\u00f6glicherweise kann dies jedoch die Funktionsf\u00e4higkeit unserer Webseite auf Ihrem Rechner beeintr\u00e4chtigen. Dar\u00fcber hinaus besteht die M\u00f6glichkeit, die Datenerfassung und -auswertung (inklusive Ihrer IP-Adresse) durch Google Analytics grunds\u00e4tzlich zu verhindern, indem Sie das <a title=\"zum Google Analytics Opt-out Browser Add-on Download\" href=\"https:\/\/tools.google.com\/dlpage\/gaoptout?hl=en\" target=\"_blank\" rel=\"nofollow noopener\">Google Analytics Opt-out Browser Add-on<\/a> installieren.<\/p>\n<p>Allgemeine Informationen zum Thema Datenschutz bei Google finden sie in der <a title=\"zum Google-Sicherheitscenter\" href=\"https:\/\/policies.google.com\/privacy?hl=de\" target=\"_blank\" rel=\"nofollow noopener\">Google-Datenschutzerkl\u00e4rung<\/a>.<\/p>\n<h3>Google Fonts<\/h3>\n<p>Um unsere Inhalte browser\u00fcbergreifend einheitlich und grafisch ansprechend darzustellen, bindet unsere Seite zur Darstellung der Schrift sogenannte Webfonts ein. Diese werden von Google Inc., 1600 Amphitheatre Parkway, Mountain View, CA 94043, USA, bereitgestellt.<\/p>\n<p>Beim Aufrufen unserer Seite stellt Ihr Browser eine Verbindung zu den Servern von Google her und l\u00e4dt die ben\u00f6tigte Schrift in den Cache Ihres Browsers. Google erlangt dadurch Kenntnis dar\u00fcber, dass unsere Website \u00fcber Ihre IP-Adresse aufgerufen wurde. Falls der Browser die Google Webfonts nicht unterst\u00fctzt oder den Zugriff unterbindet, werden Inhalte in einer Standardschrift angezeigt. Allgemeine Informationen zum Thema Datenschutz bei Google finden sie in der\u00a0<a title=\"zum Google-Sicherheitscenter\" href=\"https:\/\/policies.google.com\/privacy?hl=de\" target=\"_blank\" rel=\"nofollow noopener\">Google-Datenschutzerkl\u00e4rung<\/a>.<\/p>\n<h3>Google Maps<\/h3>\n<p>Unsere Website verwendet Google Maps zur Darstellung von Karten, das von der Google Inc., 1600 Amphitheatre Parkway, Mountain View, CA 94043, USA betrieben wird. Durch die Nutzung von Google Maps k\u00f6nnen Informationen \u00fcber Ihre Benutzung dieser Webseite (einschlie\u00dflich Ihrer IP-Adresse) an einen Server von Google in den USA \u00fcbertragen und dort gespeichert werden. Google wird die durch Maps gewonnenen Informationen gegebenenfalls an Dritte \u00fcbertragen, sofern dies gesetzlich vorgeschrieben ist oder soweit Dritte diese Daten im Auftrag von Google verarbeiten.<\/p>\n<p>Google wird in keinem Fall Ihre IP-Adresse mit anderen Daten von Google in Verbindung bringen. Trotzdem w\u00e4re es technisch m\u00f6glich, dass Google aufgrund der erhaltenen Daten eine Identifizierung zumindest einzelner Nutzenden vornehmen k\u00f6nnte. Es w\u00e4re m\u00f6glich, dass personenbezogene Daten und Pers\u00f6nlichkeitsprofile von Nutzern der Webseite von Google f\u00fcr andere Zwecke verarbeitet werden k\u00f6nnten, auf welche wir keinen Einfluss haben und haben k\u00f6nnen. Durch die Nutzung dieser Website erkl\u00e4ren Sie sich diesbez\u00fcglich mit der Erfassung, Verarbeitung sowie Nutzung Ihrer automatisch erhobenen Daten durch Google, seiner Vertreter oder Drittanbieter einverstanden. Sie haben die M\u00f6glichkeit, den Service von Google Maps zu deaktivieren und somit den Datentransfer an Google zu verhindern, indem Sie JavaScript in Ihrem Browser deaktivieren. Wir weisen Sie jedoch darauf hin, dass Sie in diesem Fall die Kartenanzeige auf unserer Seite nicht nutzen k\u00f6nnen.<\/p>\n<p>Allgemeine Informationen zum Thema Datenschutz bei Google finden sie in der\u00a0<a title=\"zum Google-Sicherheitscenter\" href=\"https:\/\/policies.google.com\/privacy?hl=de\" target=\"_blank\" rel=\"nofollow noopener\">Google-Datenschutzerkl\u00e4rung<\/a>.<\/p>\n<h3>Ihr Recht auf Auskunft, Berichtigung, Sperrung, L\u00f6schung und Widerruf<\/h3>\n<p>Selbstverst\u00e4ndlich haben Sie das Recht, jederzeit Auskunft \u00fcber die bez\u00fcglich Ihrer Person bei uns gespeicherten Daten zu erhalten. Ebenso haben Sie das Recht, Ihre von uns erfassten Daten zu berichtigen oder zu l\u00f6schen. Sofern wir Ihre Daten aufgrund gesetzlicher Pflichten noch nicht l\u00f6schen d\u00fcrfen, sind Sie berechtigt, diese sperren zu lassen. Sofern Sie uns eine Einwilligung erteilt haben, k\u00f6nnen Sie diese jederzeit mit Wirkung f\u00fcr die Zukunft widerrufen. Bitte wenden Sie sich dazu an unseren Datenschutzbeauftragten. Die Kontaktdaten finden Sie am Anfang unserer Datenschutzerkl\u00e4rung.<\/p>\n<h3>\u00c4nderung unserer Datenschutzbestimmungen<\/h3>\n<p>Wir behalten uns vor, diese Datenschutzerkl\u00e4rung anzupassen, damit sie stets den aktuellen rechtlichen Anforderungen entspricht oder um \u00c4nderungen unserer Leistungen in der Datenschutzerkl\u00e4rung umzusetzen. F\u00fcr Ihren erneuten Besuch gilt dann die neue Datenschutzerkl\u00e4rung.<\/p>\n<h3>Einverst\u00e4ndnis<\/h3>\n<p>Durch die Nutzung unserer Website erkl\u00e4ren Sie sich mit der Bearbeitung der \u00fcber Sie erhobenen Daten in der hier beschriebenen Art und Weise sowie deren erkl\u00e4rtem Zweck einverstanden.<\/p>\n<h3>Widerspruch Werbe-Mails<\/h3>\n<p>An dieser Stelle wird etwaigem Missbrauch unserer im Rahmen der Impressumspflicht ver\u00f6ffentlichten Kontaktdaten, etwa deren Nutzung zur \u00dcbersendung von nicht explizit angeforderter Werbung, ausdr\u00fccklich widersprochen. Im Falle unverlangter Zusendung von Spam-Mails behalten wir uns rechtliche Schritte vor.<\/p>\n<\/div><\/div><\/div><\/div><\/div>\n","protected":false},"excerpt":{"rendered":"","protected":false},"author":1,"featured_media":0,"parent":0,"menu_order":0,"comment_status":"closed","ping_status":"closed","template":"","meta":{"_acf_changed":false,"footnotes":""},"class_list":["post-2375","page","type-page","status-publish","hentry"],"acf":[],"yoast_head":"<!-- This site is optimized with the Yoast SEO plugin v27.2 - https:\/\/yoast.com\/product\/yoast-seo-wordpress\/ -->\n<title>Impressum &amp; Datenschutz | Guiding Architects Barcelona<\/title>\n<meta name=\"robots\" content=\"noindex, nofollow\" \/>\n<meta property=\"og:locale\" content=\"de_DE\" \/>\n<meta property=\"og:type\" content=\"article\" \/>\n<meta property=\"og:title\" content=\"Impressum &amp; Datenschutz | Guiding Architects Barcelona\" \/>\n<meta property=\"og:url\" content=\"https:\/\/www.gabarcelona.com\/de\/impressum-und-datenschutz\/\" \/>\n<meta property=\"og:site_name\" content=\"Guiding Architects Barcelona\" \/>\n<meta property=\"article:modified_time\" content=\"2021-11-24T14:54:24+00:00\" \/>\n<meta name=\"twitter:card\" content=\"summary_large_image\" \/>\n<meta name=\"twitter:label1\" content=\"Gesch\u00e4tzte Lesezeit\" \/>\n\t<meta name=\"twitter:data1\" content=\"10\u00a0Minuten\" \/>\n<script type=\"application\/ld+json\" class=\"yoast-schema-graph\">{\"@context\":\"https:\/\/schema.org\",\"@graph\":[{\"@type\":\"WebPage\",\"@id\":\"https:\/\/www.gabarcelona.com\/de\/impressum-und-datenschutz\/\",\"url\":\"https:\/\/www.gabarcelona.com\/de\/impressum-und-datenschutz\/\",\"name\":\"Impressum & Datenschutz | Guiding Architects Barcelona\",\"isPartOf\":{\"@id\":\"https:\/\/www.gabarcelona.com\/#website\"},\"datePublished\":\"2021-01-13T22:39:51+00:00\",\"dateModified\":\"2021-11-24T14:54:24+00:00\",\"breadcrumb\":{\"@id\":\"https:\/\/www.gabarcelona.com\/de\/impressum-und-datenschutz\/#breadcrumb\"},\"inLanguage\":\"de\",\"potentialAction\":[{\"@type\":\"ReadAction\",\"target\":[\"https:\/\/www.gabarcelona.com\/de\/impressum-und-datenschutz\/\"]}]},{\"@type\":\"BreadcrumbList\",\"@id\":\"https:\/\/www.gabarcelona.com\/de\/impressum-und-datenschutz\/#breadcrumb\",\"itemListElement\":[{\"@type\":\"ListItem\",\"position\":1,\"name\":\"Home\",\"item\":\"https:\/\/www.gabarcelona.com\/de\/\"},{\"@type\":\"ListItem\",\"position\":2,\"name\":\"Impressum &#038; Datenschutz\"}]},{\"@type\":\"WebSite\",\"@id\":\"https:\/\/www.gabarcelona.com\/#website\",\"url\":\"https:\/\/www.gabarcelona.com\/\",\"name\":\"Guiding Architects Barcelona\",\"description\":\"\",\"potentialAction\":[{\"@type\":\"SearchAction\",\"target\":{\"@type\":\"EntryPoint\",\"urlTemplate\":\"https:\/\/www.gabarcelona.com\/?s={search_term_string}\"},\"query-input\":{\"@type\":\"PropertyValueSpecification\",\"valueRequired\":true,\"valueName\":\"search_term_string\"}}],\"inLanguage\":\"de\"}]}<\/script>\n<!-- \/ Yoast SEO plugin. -->","yoast_head_json":{"title":"Impressum & Datenschutz | Guiding Architects Barcelona","robots":{"index":"noindex","follow":"nofollow"},"og_locale":"de_DE","og_type":"article","og_title":"Impressum & Datenschutz | Guiding Architects Barcelona","og_url":"https:\/\/www.gabarcelona.com\/de\/impressum-und-datenschutz\/","og_site_name":"Guiding Architects Barcelona","article_modified_time":"2021-11-24T14:54:24+00:00","twitter_card":"summary_large_image","twitter_misc":{"Gesch\u00e4tzte Lesezeit":"10\u00a0Minuten"},"schema":{"@context":"https:\/\/schema.org","@graph":[{"@type":"WebPage","@id":"https:\/\/www.gabarcelona.com\/de\/impressum-und-datenschutz\/","url":"https:\/\/www.gabarcelona.com\/de\/impressum-und-datenschutz\/","name":"Impressum & Datenschutz | Guiding Architects Barcelona","isPartOf":{"@id":"https:\/\/www.gabarcelona.com\/#website"},"datePublished":"2021-01-13T22:39:51+00:00","dateModified":"2021-11-24T14:54:24+00:00","breadcrumb":{"@id":"https:\/\/www.gabarcelona.com\/de\/impressum-und-datenschutz\/#breadcrumb"},"inLanguage":"de","potentialAction":[{"@type":"ReadAction","target":["https:\/\/www.gabarcelona.com\/de\/impressum-und-datenschutz\/"]}]},{"@type":"BreadcrumbList","@id":"https:\/\/www.gabarcelona.com\/de\/impressum-und-datenschutz\/#breadcrumb","itemListElement":[{"@type":"ListItem","position":1,"name":"Home","item":"https:\/\/www.gabarcelona.com\/de\/"},{"@type":"ListItem","position":2,"name":"Impressum &#038; Datenschutz"}]},{"@type":"WebSite","@id":"https:\/\/www.gabarcelona.com\/#website","url":"https:\/\/www.gabarcelona.com\/","name":"Guiding Architects Barcelona","description":"","potentialAction":[{"@type":"SearchAction","target":{"@type":"EntryPoint","urlTemplate":"https:\/\/www.gabarcelona.com\/?s={search_term_string}"},"query-input":{"@type":"PropertyValueSpecification","valueRequired":true,"valueName":"search_term_string"}}],"inLanguage":"de"}]}},"_links":{"self":[{"href":"https:\/\/www.gabarcelona.com\/de\/wp-json\/wp\/v2\/pages\/2375","targetHints":{"allow":["GET"]}}],"collection":[{"href":"https:\/\/www.gabarcelona.com\/de\/wp-json\/wp\/v2\/pages"}],"about":[{"href":"https:\/\/www.gabarcelona.com\/de\/wp-json\/wp\/v2\/types\/page"}],"author":[{"embeddable":true,"href":"https:\/\/www.gabarcelona.com\/de\/wp-json\/wp\/v2\/users\/1"}],"replies":[{"embeddable":true,"href":"https:\/\/www.gabarcelona.com\/de\/wp-json\/wp\/v2\/comments?post=2375"}],"version-history":[{"count":0,"href":"https:\/\/www.gabarcelona.com\/de\/wp-json\/wp\/v2\/pages\/2375\/revisions"}],"wp:attachment":[{"href":"https:\/\/www.gabarcelona.com\/de\/wp-json\/wp\/v2\/media?parent=2375"}],"curies":[{"name":"wp","href":"https:\/\/api.w.org\/{rel}","templated":true}]}}