{"id":1878,"date":"2021-01-13T22:39:51","date_gmt":"2021-01-13T22:39:51","guid":{"rendered":"https:\/\/www.gabarcelona.com\/imprint-data-protection\/"},"modified":"2021-11-24T15:02:08","modified_gmt":"2021-11-24T15:02:08","slug":"aviso-legal-y-privacidad","status":"publish","type":"page","link":"https:\/\/www.gabarcelona.com\/es\/aviso-legal-y-privacidad\/","title":{"rendered":"Aviso legal &#038; protecci\u00f3n de datos"},"content":{"rendered":"<div class=\"fusion-fullwidth fullwidth-box fusion-builder-row-1 fusion-flex-container nonhundred-percent-fullwidth non-hundred-percent-height-scrolling\" style=\"--awb-border-radius-top-left:0px;--awb-border-radius-top-right:0px;--awb-border-radius-bottom-right:0px;--awb-border-radius-bottom-left:0px;--awb-margin-top:60px;--awb-flex-wrap:wrap;\" ><div class=\"fusion-builder-row fusion-row fusion-flex-align-items-flex-start fusion-flex-content-wrap\" style=\"max-width:1352px;margin-left: calc(-4% \/ 2 );margin-right: calc(-4% \/ 2 );\"><div class=\"fusion-layout-column fusion_builder_column fusion-builder-column-0 fusion_builder_column_1_1 1_1 fusion-flex-column\" style=\"--awb-bg-size:cover;--awb-width-large:100%;--awb-margin-top-large:0px;--awb-spacing-right-large:1.92%;--awb-margin-bottom-large:0px;--awb-spacing-left-large:1.92%;--awb-width-medium:100%;--awb-spacing-right-medium:1.92%;--awb-spacing-left-medium:1.92%;--awb-width-small:100%;--awb-spacing-right-small:1.92%;--awb-spacing-left-small:1.92%;\"><div class=\"fusion-column-wrapper fusion-flex-justify-content-flex-start fusion-content-layout-column\"><div class=\"fusion-text fusion-text-1\"><h2>AVISO LEGAL<\/h2>\n<p><strong>GA Barcelona<\/strong>\u00a0es una marca de la empresa espa\u00f1ola<\/p>\n<p>Arquitectura Urbana Barcelona S.L.<br \/>\nC\/Bailen, 232 bis 1D<br \/>\n08037 Barcelona<br \/>\nEspa\u00f1a<br \/>\nTel\u00e9fono: +34 654 016 445<br \/>\nEmail:\u00a0<a class=\"email\" href=\"mailto:barcelona@guiding-architects.net\">barcelona@guiding-architects.net<\/a><\/p>\n<p>inscrita en el Registro Mercantil de Barcelona, Tomo 42690, Folio 189, Hoja B 414420, Inscripci\u00f3n 2.<\/p>\n<h3>Representante legal<\/h3>\n<p>Lorenzo K\u00e1r\u00e1sz<\/p>\n<p><strong>N\u00famero de identificaci\u00f3n fiscal<\/strong><br \/>\nES-B65599177<\/p>\n<h3>Derechos de autor<\/h3>\n<p>Todas las fotograf\u00edas y textos publicados en este sitio son propiedad intelectual de la empresa espa\u00f1ola Arquitectura Urbana Barcelona S.L. o de cualquier otro titular expresamente mencionado y est\u00e1n sujetos a derechos de autor. El contenido de nuestro sitio web no podr\u00e1 ser copiado, reproducido ni redistribuido, en su totalidad o parcialmente, sin el permiso previo por escrito de GA Barcelona.<\/p>\n<h3>Fotos<\/h3>\n<p>A menos que se indique lo contrario, GA Barcelona<\/p>\n<h3>Contenido editorial<\/h3>\n<p>Lorenzo K\u00e1r\u00e1sz<\/p>\n<h3>Exoneraci\u00f3n de responsabilidad<\/h3>\n<p>Est\u00e1s p\u00e1ginas han sido elaboradas con el debido cuidado y se actualizan con el mayor esmero posible. No obstante, GA Barcelona no puede garantizar la total ausencia de errores en la informaci\u00f3n aqu\u00ed facilitada. No nos hacemos responsables del contenido de las p\u00e1ginas web enlazadas.<\/p>\n<\/div><div class=\"fusion-separator fusion-full-width-sep\" style=\"align-self: center;margin-left: auto;margin-right: auto;margin-top:20px;margin-bottom:20px;width:100%;\"><\/div><div class=\"fusion-text fusion-text-2\"><h2>POL\u00cdTICA DE PRIVACIDAD Y PROTECCI\u00d3N DE DATOS<\/h2>\n<p><strong>El responsable a efectos de las leyes de protecci\u00f3n de datos<\/strong>, en particular del Reglamento General de Protecci\u00f3n de Datos (RGPD), es: Lorenzo K\u00e1r\u00e1sz, C\/Bailen, 232 bis 1D, 08037 Barcelona, Espa\u00f1a, Tel\u00e9fono: +34 654 016 445, Email:\u00a0<a class=\"email\" href=\"mailto:barcelona@guiding-architects.net\">barcelona@guiding-architects.net<\/a><\/p>\n<h3>Observaciones generales<\/h3>\n<p>Por regla general, usted puede visitar nuestro sitio web sin introducir ning\u00fan tipo de informaci\u00f3n personal. S\u00f3lo se recogen aquellos datos personales que sean t\u00e9cnicamente necesarios. No se recopilan datos personales, tales como su nombre, su direcci\u00f3n f\u00edsica, tel\u00e9fono o correo electr\u00f3nico, a no ser que usted los facilite de forma voluntaria. No obstante, antes de ponerse en contacto con nosotros, le rogamos tenga en cuenta, que la transmisi\u00f3n de datos en internet puede tener lagunas de seguridad. Una protecci\u00f3n al cien por cien de sus datos no se puede garantizar. La presente pol\u00edtica de privacidad se aplica exclusivamente a las p\u00e1ginas y subp\u00e1ginas incluidas en nuestro dominio www.ga-barcelona.es. No resulta de aplicaci\u00f3n a los sitios web externos vinculados al nuestro.<\/p>\n<h3>Recogida y procesamiento de datos de protocolo http<\/h3>\n<p>Cuando usted visita nuestras p\u00e1ginas, su navegador de internet crea, de forma autom\u00e1tica, datos de protocolo y los transmite al servidor que aloja nuestro sitio web. La informaci\u00f3n almacenada comprende el sistema operativo de su ordenador, modelo y versi\u00f3n de su navegador, la p\u00e1gina web desde la que viene (Referrer URL), su direcci\u00f3n IP, as\u00ed como la fecha y hora de su visita. Tenga en cuenta que tratamos las direcciones IP, los archivos de registro del servidor y la informaci\u00f3n relacionada como informaci\u00f3n no personal y le garantizamos que dicha informaci\u00f3n no nos permite desvelar su identidad. Los datos de protocolo http, como mucho, nos sirven para fines estad\u00edsticos. Los datos no se transmiten a terceros, ni se fusionan con otras fuentes de informaci\u00f3n, y se borran regularmente del servidor.<\/p>\n<h3>Cookies<\/h3>\n<p>Nuestro sitio web utiliza los as\u00ed llamados cookies. Un cookie es un peque\u00f1o archivo de texto que, cuando usted accede a una p\u00e1gina web, se coloca en el disco duro de su ordenador y es memorizado por su navegador. Cookies no causan ning\u00fan da\u00f1o en su ordenador y no contienen virus. Usted tiene la opci\u00f3n de aceptar o rechazar los cookies. Puede ajustar su navegador de forma, que se le informe sobre la colocaci\u00f3n de cookies, que pueda decidir en cada caso sobre su aceptaci\u00f3n, o excluir la aceptaci\u00f3n de cookies por regla general. Encontrar\u00e1 m\u00e1s informaci\u00f3n al respecto en el manual de su navegador.<\/p>\n<h3>Contacto<\/h3>\n<p>Si se pone en contacto con nosotros por correo electr\u00f3nico, los datos que nos proporcione se almacenar\u00e1n para procesar su solicitud, as\u00ed como para atender posibles consultas que puedan surgirle en el futuro. Despu\u00e9s de que su solicitud haya sido procesada, sus datos personales se borrar\u00e1n.<\/p>\n<h3>Google Analytics con anonimizaci\u00f3n IP<\/h3>\n<p>Nuestro sitio web, adem\u00e1s, utiliza Google Analytics, un servicio de an\u00e1lisis web de Google Inc., 1600 Amphitheatre Parkway, Mountain View, CA 94043, EEUU (Google), que nos permite recabar informaci\u00f3n m\u00e1s detallada sobre el uso de nuestras p\u00e1ginas con el fin de mejorar su rendimiento. Las estad\u00edsticas facilitadas por Google Analytics se evaluan de forma an\u00f3nima, repetimos que no nos es posible ni nos interesa identificarle como individuo. Google Analytics utiliza cookies y puede rastrear el uso que hace usted de nuestra p\u00e1gina web. Por regla general, los datos recopilados son transmitidos a un servidor de Google ubicado en EEUU, donde se archivan.<\/p>\n<p>Google participa y ha certificado su cumplimiento con el marco del acuerdo entre EEUU y la Uni\u00f3n Europea denominado\u00a0<a title=\"Certificaci\u00f3n Privacy Shield de Google\" href=\"https:\/\/www.privacyshield.gov\/participant?id=a2zt000000001L5AAI\" target=\"_blank\" rel=\"nofollow noopener\">\u00abPrivacy Shield\u00bb<\/a>\u00a0y, por lo tanto, garantiza el cumplimiento de la legislaci\u00f3n europea sobre protecci\u00f3n de datos.<\/p>\n<p>Nos gustar\u00eda se\u00f1alar que nuestro sitio web utiliza Google Analytics con la extensi\u00f3n \u00ab_anonymizeIp()\u00bb. Con el fin de evitar cualquier asociaci\u00f3n directa con personas concretas, la direcci\u00f3n IP del usuario se acortar\u00e1 dentro de los estados miembros de la Uni\u00f3n Europea o de uno de los estados contratantes del acuerdo sobre el Espacio Econ\u00f3mico Europeo. Solo en casos excepcionales, se trasmite la direcci\u00f3n IP completa a un servidor de Google en los EEUU y se acortar\u00e1 all\u00ed mismo. La direcci\u00f3n IP transmitida a trav\u00e9s de su navegador no se relacionar\u00e1 con otros datos de Google.<\/p>\n<p>Por encargo de GA Barcelona, Google recoge dicha informaci\u00f3n para evaluar su utilizaci\u00f3n de la p\u00e1gina web, para realizar informes sobre las actividades de la p\u00e1gina web y para ofrecernos la prestaci\u00f3n de otros servicios vinculados a la utilizaci\u00f3n de la p\u00e1gina web y de internet. Los datos personales de los usuarios se borrar\u00e1n o an\u00f3nimizar\u00e1n al cabo de 14 meses.<\/p>\n<p>Usted puede suprimir el almacenamiento de cookies mediante el ajuste correspondiente del software de su servidor, para evitar que Google rastree su visita, aunque en este caso es posible que no pueda utilizar todas las funciones de nuestro sitio web. Cabe a\u00f1adir que Google pone a su disposici\u00f3n la herramienta\u00a0<a title=\"P\u00e1gina de descarga del Google Analytics Opt-out Browser Add-on\" href=\"https:\/\/tools.google.com\/dlpage\/gaoptout?hl=es\" target=\"_blank\" rel=\"nofollow noopener\">Google Analytics Opt-out Browser Add-on<\/a>, que les permite a algunos navegadores impedir el registro por Google Analytics de forma general.<\/p>\n<p>Para informaci\u00f3n general sobre como Google protege sus datos, visite su\u00a0<a title=\"Centro de seguridad de Google\" href=\"https:\/\/policies.google.com\/privacy?hl=es\" target=\"_blank\" rel=\"nofollow noopener\">Pol\u00edtica de privacidad<\/a>.<\/p>\n<h3>Google Webfonts<\/h3>\n<p>Con el fin de mostrar nuestros contenidos de forma gr\u00e1ficamente atractiva y uniforme en todos los navegadores, nuestra p\u00e1gina utiliza Google Web Fonts proporcionados por Google Inc., 1600 Amphitheatre Parkway, Mountain View, CA 94043, EEUU.<br \/>\nCuando usted visita nuestro sitio web, su navegador establece una conexi\u00f3n con los servidores de Google y carga la fuente requerida en la cach\u00e9 de su navegador. Como resultado, Google descubre que se ha accedido a nuestro sitio web a trav\u00e9s de su direcci\u00f3n IP. Si su navegador no soporta Google Web Fonts o prohibe el acceso, el contenido se mostrar\u00e1 con una fuente predeterminada. Para informaci\u00f3n general sobre como Google protege sus datos, visite su\u00a0<a title=\"Centro de seguridad de Google\" href=\"https:\/\/policies.google.com\/privacy?hl=es\" target=\"_blank\" rel=\"nofollow noopener\">Pol\u00edtica de privacidad<\/a>.<\/p>\n<h3>Google Maps<\/h3>\n<p>Nuestra p\u00e1gina web utiliza Google Maps para visualizar ubicaciones geogr\u00e1ficas. Google Maps est\u00e1 gestionado por Google Inc., 1600 Amphitheatre Parkway, Mountain View, California 94043, EEUU. Al utilizar Google Maps, Google puede transmitir informaci\u00f3n sobre el uso que hace usted de nuestra p\u00e1gina web (incluida su direcci\u00f3n IP) y almacenarla en servidores de Estados Unidos. Google puede transferir la informaci\u00f3n obtenida a trav\u00e9s de Maps a terceros si as\u00ed lo requiere la ley o si terceros procesan estos datos por cuenta de Google.<\/p>\n<p>Google no asociar\u00e1 su direcci\u00f3n IP con ning\u00fan otro dato del que disponga Google. No obstante, ser\u00eda t\u00e9cnicamente posible que Google identificara a usuarios individuales mediante los datos recibidos. Es posible que los datos y perfiles personales de los usuarios de nuestro sitio web puedan ser procesados por Google para otros fines, sobre lo que no podemos influir. Al utilizar nuestro sitio web, usted da su consentimiento para que Google, uno de sus representantes o proveedores terceros recopilen, procesen y utilicen los datos recopilados autom\u00e1ticamente. Usted puede desactivar el servicio Google Maps y as\u00ed evitar la transferencia de datos a Google inhabilitando JavaScript en su navegador. Sin embargo, en este caso no podr\u00e1 utilizar la visualizaci\u00f3n del mapa en nuestro sitio.<\/p>\n<p>Para informaci\u00f3n general sobre como Google protege sus datos, visite su\u00a0<a title=\"Centro de seguridad de Google\" href=\"https:\/\/policies.google.com\/privacy?hl=es\" target=\"_blank\" rel=\"nofollow noopener\">Pol\u00edtica de privacidad<\/a>.<\/p>\n<h3>Derecho de acceso, rectificaci\u00f3n, bloqueo, eliminaci\u00f3n y revocaci\u00f3n<\/h3>\n<p>Tiene derecho a consultar los datos almacenados relacionados con su persona en cualquier momento. Asimismo, tiene derecho a solicitar su correcci\u00f3n, bloqueo o eliminaci\u00f3n de nuestra base de datos en cualquier momento. Si nos ha dado su consentimiento para el procesamiento de sus datos, puede revocarlo en cualquier momento. Si fuera necesario, p\u00f3ngase en contacto con nuestro responsable de protecci\u00f3n de datos. Encontrar\u00e1 los datos de contacto al principio de esta declaraci\u00f3n.<\/p>\n<h3>Modificaciones de nuestra Pol\u00edtica de privacidad<\/h3>\n<p>Nos reservamos el derecho de adaptar esta declaraci\u00f3n de protecci\u00f3n de datos siempre que proceda para que cumpla con los requisitos legales actuales o para incorporar cambios en nuestras prestaciones. La pr\u00f3xima vez que nos visite se aplicar \u00e1 la nueva declaraci\u00f3n de protecci\u00f3n de datos.<\/p>\n<h3>Consentimiento<\/h3>\n<p>El uso de nuestra p\u00e1gina web por su parte comporta la plena aceptaci\u00f3n, sin reserva de ninguna clase, de las condiciones aqu\u00ed descritas. Si no est\u00e1 usted de acuerdo con estas condiciones, por favor, abst\u00e9ngase de visitar o utilizar esta p\u00e1gina web.<\/p>\n<h3>Oposici\u00f3n a la recepci\u00f3n de correo no deseado<\/h3>\n<p>Queda terminantemente prohibido el uso de nuestros datos de contacto proporcionados en este sitio web con fines maliciosos, fraudulentos o publicitarios. Abstenerse de enviar correo basura. El incumplimiento de esta norma podr\u00e1 derivar en responsabilidades civiles o penales.<\/p>\n<\/div><\/div><\/div><\/div><\/div>\n","protected":false},"excerpt":{"rendered":"","protected":false},"author":1,"featured_media":0,"parent":0,"menu_order":0,"comment_status":"closed","ping_status":"closed","template":"","meta":{"_acf_changed":false,"footnotes":""},"class_list":["post-1878","page","type-page","status-publish","hentry"],"acf":[],"yoast_head":"<!-- This site is optimized with the Yoast SEO plugin v27.2 - https:\/\/yoast.com\/product\/yoast-seo-wordpress\/ -->\n<title>Aviso legal &amp; protecci\u00f3n de datos | Guiding Architects Barcelona<\/title>\n<meta name=\"robots\" content=\"noindex, nofollow\" \/>\n<meta property=\"og:locale\" content=\"es_ES\" \/>\n<meta property=\"og:type\" content=\"article\" \/>\n<meta property=\"og:title\" content=\"Aviso legal &amp; protecci\u00f3n de datos | Guiding Architects Barcelona\" \/>\n<meta property=\"og:url\" content=\"https:\/\/www.gabarcelona.com\/imprint-and-data-protection\/\" \/>\n<meta property=\"og:site_name\" content=\"Guiding Architects Barcelona\" \/>\n<meta property=\"article:modified_time\" content=\"2021-11-24T15:02:08+00:00\" \/>\n<meta name=\"twitter:card\" content=\"summary_large_image\" \/>\n<meta name=\"twitter:label1\" content=\"Tiempo de lectura\" \/>\n\t<meta name=\"twitter:data1\" content=\"11 minutos\" \/>\n<script type=\"application\/ld+json\" class=\"yoast-schema-graph\">{\"@context\":\"https:\/\/schema.org\",\"@graph\":[{\"@type\":\"WebPage\",\"@id\":\"https:\/\/www.gabarcelona.com\/imprint-and-data-protection\/\",\"url\":\"https:\/\/www.gabarcelona.com\/imprint-and-data-protection\/\",\"name\":\"Aviso legal & protecci\u00f3n de datos | Guiding Architects Barcelona\",\"isPartOf\":{\"@id\":\"https:\/\/www.gabarcelona.com\/#website\"},\"datePublished\":\"2021-01-13T22:39:51+00:00\",\"dateModified\":\"2021-11-24T15:02:08+00:00\",\"breadcrumb\":{\"@id\":\"https:\/\/www.gabarcelona.com\/imprint-and-data-protection\/#breadcrumb\"},\"inLanguage\":\"es\",\"potentialAction\":[{\"@type\":\"ReadAction\",\"target\":[\"https:\/\/www.gabarcelona.com\/imprint-and-data-protection\/\"]}]},{\"@type\":\"BreadcrumbList\",\"@id\":\"https:\/\/www.gabarcelona.com\/imprint-and-data-protection\/#breadcrumb\",\"itemListElement\":[{\"@type\":\"ListItem\",\"position\":1,\"name\":\"Home\",\"item\":\"https:\/\/www.gabarcelona.com\/es\/\"},{\"@type\":\"ListItem\",\"position\":2,\"name\":\"Aviso legal &#038; protecci\u00f3n de datos\"}]},{\"@type\":\"WebSite\",\"@id\":\"https:\/\/www.gabarcelona.com\/#website\",\"url\":\"https:\/\/www.gabarcelona.com\/\",\"name\":\"Guiding Architects Barcelona\",\"description\":\"\",\"potentialAction\":[{\"@type\":\"SearchAction\",\"target\":{\"@type\":\"EntryPoint\",\"urlTemplate\":\"https:\/\/www.gabarcelona.com\/?s={search_term_string}\"},\"query-input\":{\"@type\":\"PropertyValueSpecification\",\"valueRequired\":true,\"valueName\":\"search_term_string\"}}],\"inLanguage\":\"es\"}]}<\/script>\n<!-- \/ Yoast SEO plugin. -->","yoast_head_json":{"title":"Aviso legal & protecci\u00f3n de datos | Guiding Architects Barcelona","robots":{"index":"noindex","follow":"nofollow"},"og_locale":"es_ES","og_type":"article","og_title":"Aviso legal & protecci\u00f3n de datos | Guiding Architects Barcelona","og_url":"https:\/\/www.gabarcelona.com\/imprint-and-data-protection\/","og_site_name":"Guiding Architects Barcelona","article_modified_time":"2021-11-24T15:02:08+00:00","twitter_card":"summary_large_image","twitter_misc":{"Tiempo de lectura":"11 minutos"},"schema":{"@context":"https:\/\/schema.org","@graph":[{"@type":"WebPage","@id":"https:\/\/www.gabarcelona.com\/imprint-and-data-protection\/","url":"https:\/\/www.gabarcelona.com\/imprint-and-data-protection\/","name":"Aviso legal & protecci\u00f3n de datos | Guiding Architects Barcelona","isPartOf":{"@id":"https:\/\/www.gabarcelona.com\/#website"},"datePublished":"2021-01-13T22:39:51+00:00","dateModified":"2021-11-24T15:02:08+00:00","breadcrumb":{"@id":"https:\/\/www.gabarcelona.com\/imprint-and-data-protection\/#breadcrumb"},"inLanguage":"es","potentialAction":[{"@type":"ReadAction","target":["https:\/\/www.gabarcelona.com\/imprint-and-data-protection\/"]}]},{"@type":"BreadcrumbList","@id":"https:\/\/www.gabarcelona.com\/imprint-and-data-protection\/#breadcrumb","itemListElement":[{"@type":"ListItem","position":1,"name":"Home","item":"https:\/\/www.gabarcelona.com\/es\/"},{"@type":"ListItem","position":2,"name":"Aviso legal &#038; protecci\u00f3n de datos"}]},{"@type":"WebSite","@id":"https:\/\/www.gabarcelona.com\/#website","url":"https:\/\/www.gabarcelona.com\/","name":"Guiding Architects Barcelona","description":"","potentialAction":[{"@type":"SearchAction","target":{"@type":"EntryPoint","urlTemplate":"https:\/\/www.gabarcelona.com\/?s={search_term_string}"},"query-input":{"@type":"PropertyValueSpecification","valueRequired":true,"valueName":"search_term_string"}}],"inLanguage":"es"}]}},"_links":{"self":[{"href":"https:\/\/www.gabarcelona.com\/es\/wp-json\/wp\/v2\/pages\/1878","targetHints":{"allow":["GET"]}}],"collection":[{"href":"https:\/\/www.gabarcelona.com\/es\/wp-json\/wp\/v2\/pages"}],"about":[{"href":"https:\/\/www.gabarcelona.com\/es\/wp-json\/wp\/v2\/types\/page"}],"author":[{"embeddable":true,"href":"https:\/\/www.gabarcelona.com\/es\/wp-json\/wp\/v2\/users\/1"}],"replies":[{"embeddable":true,"href":"https:\/\/www.gabarcelona.com\/es\/wp-json\/wp\/v2\/comments?post=1878"}],"version-history":[{"count":0,"href":"https:\/\/www.gabarcelona.com\/es\/wp-json\/wp\/v2\/pages\/1878\/revisions"}],"wp:attachment":[{"href":"https:\/\/www.gabarcelona.com\/es\/wp-json\/wp\/v2\/media?parent=1878"}],"curies":[{"name":"wp","href":"https:\/\/api.w.org\/{rel}","templated":true}]}}